{"id":1534,"date":"2024-04-03T13:59:05","date_gmt":"2024-04-03T10:59:05","guid":{"rendered":"https:\/\/triad.globaltouchdev.eu\/politique-de-confidentialite\/"},"modified":"2024-06-06T10:07:52","modified_gmt":"2024-06-06T07:07:52","slug":"politique-de-confidentialite","status":"publish","type":"page","link":"https:\/\/triadvillaskea.gr\/fr\/politique-de-confidentialite\/","title":{"rendered":"Politique De Confidentialit\u00e9"},"content":{"rendered":"\t\t<div data-elementor-type=\"wp-page\" data-elementor-id=\"1534\" class=\"elementor elementor-1534 elementor-468\" data-elementor-post-type=\"page\">\n\t\t\t\t<div class=\"elementor-element elementor-element-1466e6f e-con-full e-flex e-con e-parent\" data-id=\"1466e6f\" data-element_type=\"container\" data-settings=\"{&quot;background_background&quot;:&quot;classic&quot;,&quot;jet_parallax_layout_list&quot;:[]}\">\n\t\t<div class=\"elementor-element elementor-element-9a77ba9 e-flex e-con-boxed elementor-invisible e-con e-child\" data-id=\"9a77ba9\" data-element_type=\"container\" data-settings=\"{&quot;animation&quot;:&quot;slideInUp&quot;,&quot;jet_parallax_layout_list&quot;:[]}\">\n\t\t\t\t\t<div class=\"e-con-inner\">\n\t\t\t\t\t<\/div>\n\t\t\t\t<\/div>\n\t\t\t\t<\/div>\n\t\t<div class=\"elementor-element elementor-element-6f13741 e-grid e-con-boxed e-con e-parent\" data-id=\"6f13741\" data-element_type=\"container\" data-settings=\"{&quot;jet_parallax_layout_list&quot;:[]}\">\n\t\t\t\t\t<div class=\"e-con-inner\">\n\t\t<div class=\"elementor-element elementor-element-1be7c1f e-flex e-con-boxed e-con e-child\" data-id=\"1be7c1f\" data-element_type=\"container\" data-settings=\"{&quot;jet_parallax_layout_list&quot;:[]}\">\n\t\t\t\t\t<div class=\"e-con-inner\">\n\t\t\t\t<div class=\"elementor-element elementor-element-0dae7bf elementor-widget elementor-widget-heading\" data-id=\"0dae7bf\" data-element_type=\"widget\" data-widget_type=\"heading.default\">\n\t\t\t\t<div class=\"elementor-widget-container\">\n\t\t\t<style>\/*! elementor - v3.23.0 - 05-08-2024 *\/\n.elementor-heading-title{padding:0;margin:0;line-height:1}.elementor-widget-heading .elementor-heading-title[class*=elementor-size-]>a{color:inherit;font-size:inherit;line-height:inherit}.elementor-widget-heading .elementor-heading-title.elementor-size-small{font-size:15px}.elementor-widget-heading .elementor-heading-title.elementor-size-medium{font-size:19px}.elementor-widget-heading .elementor-heading-title.elementor-size-large{font-size:29px}.elementor-widget-heading .elementor-heading-title.elementor-size-xl{font-size:39px}.elementor-widget-heading .elementor-heading-title.elementor-size-xxl{font-size:59px}<\/style><h2 class=\"elementor-heading-title elementor-size-default\">Politique De Confidentialit\u00e9<\/h2>\t\t<\/div>\n\t\t\t\t<\/div>\n\t\t\t\t<div class=\"elementor-element elementor-element-63a5e42 elementor-widget elementor-widget-text-editor\" data-id=\"63a5e42\" data-element_type=\"widget\" data-widget_type=\"text-editor.default\">\n\t\t\t\t<div class=\"elementor-widget-container\">\n\t\t\t<style>\/*! elementor - v3.23.0 - 05-08-2024 *\/\n.elementor-widget-text-editor.elementor-drop-cap-view-stacked .elementor-drop-cap{background-color:#69727d;color:#fff}.elementor-widget-text-editor.elementor-drop-cap-view-framed .elementor-drop-cap{color:#69727d;border:3px solid;background-color:transparent}.elementor-widget-text-editor:not(.elementor-drop-cap-view-default) .elementor-drop-cap{margin-top:8px}.elementor-widget-text-editor:not(.elementor-drop-cap-view-default) .elementor-drop-cap-letter{width:1em;height:1em}.elementor-widget-text-editor .elementor-drop-cap{float:left;text-align:center;line-height:1;font-size:50px}.elementor-widget-text-editor .elementor-drop-cap-letter{display:inline-block}<\/style>\t\t\t\t<div class=\"wpb_text_column wpb_content_element vc_custom_1611231393861 padding-80 margin-top-40 info-top\">\n<div class=\"wpb_wrapper\">\n<div class=\"wpb_column vc_column_container vc_col-sm-6\">\n<div class=\"vc_column-inner vc_custom_1467207292391\">\n<div class=\"wpb_wrapper\">\n<div class=\"wpb_text_column wpb_content_element vc_custom_1611233906815 tocomfortaa\">\n<div class=\"wpb_wrapper\">\n<div class=\"wpb_text_column wpb_content_element \">\n<div class=\"wpb_wrapper\">\n<ol>\n<li style=\"font-weight: 400;\" aria-level=\"1\"><span style=\"font-weight: 400;\">Collecte d&rsquo;informations personnelles: nous pouvons collecter des informations personnelles sur les utilisateurs, telles que les noms, adresses, adresses e-mail, num\u00e9ros de t\u00e9l\u00e9phone et informations de paiement, dans le but de traiter les commandes et de fournir une exp\u00e9rience d&rsquo;achat personnalis\u00e9e. Nous collecterons uniquement les informations personnelles n\u00e9cessaires et pertinentes pour les services que nous proposons.<\/span><\/li>\n<li style=\"font-weight: 400;\" aria-level=\"1\"><span style=\"font-weight: 400;\">Utilisation des informations personnelles: les informations personnelles collect\u00e9es seront utilis\u00e9es pour le traitement des commandes, la v\u00e9rification des paiements, l&rsquo;exp\u00e9dition, le support client et pour fournir des mises \u00e0 jour et des informations promotionnelles sur nos produits et services, \u00e0 moins que l&rsquo;utilisateur ne choisisse de ne pas recevoir de telles communications.<\/span><\/li>\n<li style=\"font-weight: 400;\" aria-level=\"1\"><span style=\"font-weight: 400;\">Protection des donn\u00e9es personnelles: Nous prenons les mesures appropri\u00e9es pour prot\u00e9ger les informations personnelles collect\u00e9es contre tout acc\u00e8s, divulgation, alt\u00e9ration ou destruction non autoris\u00e9s. Nous mettons en \u0153uvre des garanties physiques, techniques et administratives pour garantir la confidentialit\u00e9 et l&rsquo;int\u00e9grit\u00e9 des donn\u00e9es personnelles.<\/span><\/li>\n<li style=\"font-weight: 400;\" aria-level=\"1\"><span style=\"font-weight: 400;\">Fournisseurs de services tiers: nous pouvons faire appel \u00e0 des prestataires de services tiers pour nous aider dans l&rsquo;ex\u00e9cution des commandes, le traitement des paiements, l&rsquo;exp\u00e9dition et les activit\u00e9s de marketing.. Ces fournisseurs auront acc\u00e8s aux informations personnelles n\u00e9cessaires \u00e0 l&rsquo;exercice de leurs fonctions, mais il leur est interdit de les utiliser \u00e0 d&rsquo;autres fins.<\/span><\/li>\n<li style=\"font-weight: 400;\" aria-level=\"1\"><span style=\"font-weight: 400;\">Cookies et technologies de suivi: Notre boutique en ligne peut utiliser des cookies et d&rsquo;autres technologies de suivi pour am\u00e9liorer l&rsquo;exp\u00e9rience utilisateur, analyser le trafic du site Web et personnaliser le contenu et la publicit\u00e9. Les utilisateurs peuvent contr\u00f4ler l&rsquo;utilisation des cookies via les param\u00e8tres de leur navigateur.<\/span><\/li>\n<li style=\"font-weight: 400;\" aria-level=\"1\"><span style=\"font-weight: 400;\">Conservation des donn\u00e9es: nous conserverons les informations personnelles aussi longtemps que n\u00e9cessaire pour atteindre les objectifs pour lesquels elles ont \u00e9t\u00e9 collect\u00e9es et pour nous conformer aux lois et r\u00e9glementations applicables. Les utilisateurs peuvent demander la suppression de leurs informations personnelles, sous r\u00e9serve de toute obligation l\u00e9gale ou int\u00e9r\u00eat commercial l\u00e9gitime.<\/span><\/li>\n<li style=\"font-weight: 400;\" aria-level=\"1\"><span style=\"font-weight: 400;\">Partage de donn\u00e9es: Nous ne vendons ni ne louons d&rsquo;informations personnelles \u00e0 des tiers \u00e0 des fins de marketing. Cependant, nous pouvons partager des informations personnelles avec des partenaires et prestataires de services de confiance si n\u00e9cessaire pour ex\u00e9cuter les commandes et fournir les services demand\u00e9s.<\/span><\/li>\n<li style=\"font-weight: 400;\" aria-level=\"1\"><span style=\"font-weight: 400;\">Droits des utilisateurs: les utilisateurs ont le droit d&rsquo;acc\u00e9der, de corriger ou de supprimer leurs informations personnelles que nous d\u00e9tenons. Ils peuvent \u00e9galement avoir le droit de restreindre ou de s&rsquo;opposer au traitement de leurs donn\u00e9es personnelles dans la mesure permise par la loi.<\/span><\/li>\n<li style=\"font-weight: 400;\" aria-level=\"1\"><span style=\"font-weight: 400;\">Vie priv\u00e9e des enfants: Notre boutique en ligne n&rsquo;est pas destin\u00e9e aux enfants de moins de 16 ans. Nous ne collectons pas sciemment d\u2019informations personnelles aupr\u00e8s des enfants. Si nous apprenons que nous avons collect\u00e9 par inadvertance des informations personnelles sur un enfant, nous prendrons des mesures pour les supprimer imm\u00e9diatement.<\/span><\/li>\n<li style=\"font-weight: 400;\" aria-level=\"1\"><span style=\"font-weight: 400;\">Mises \u00e0 jour de la politique de confidentialit\u00e9 : Nous nous r\u00e9servons le droit de mettre \u00e0 jour ou de modifier cette politique de confidentialit\u00e9 \u00e0 tout moment. Les utilisateurs sont encourag\u00e9s \u00e0 v\u00e9rifier p\u00e9riodiquement la politique pour tout changement. L&rsquo;utilisation continue de la boutique en ligne apr\u00e8s la mise \u00e0 jour de la politique constitue l&rsquo;acceptation des conditions r\u00e9vis\u00e9es.<\/span><\/li>\n<\/ol>\n<\/div>\n<\/div>\n<\/div>\n<\/div>\n<\/div>\n<\/div>\n<\/div>\n<\/div>\n<\/div>\n\t\t\t\t\t\t<\/div>\n\t\t\t\t<\/div>\n\t\t\t\t\t<\/div>\n\t\t\t\t<\/div>\n\t\t\t\t\t<\/div>\n\t\t\t\t<\/div>\n\t\t\t\t<\/div>\n\t\t","protected":false},"excerpt":{"rendered":"<p>Politique De Confidentialit\u00e9 Collecte d&rsquo;informations personnelles: nous pouvons collecter des informations personnelles sur les utilisateurs, telles que les noms, adresses, adresses e-mail, num\u00e9ros de t\u00e9l\u00e9phone et informations de paiement, dans le but de traiter les commandes et de fournir une exp\u00e9rience d&rsquo;achat personnalis\u00e9e. Nous collecterons uniquement les informations personnelles n\u00e9cessaires et pertinentes pour les services [&hellip;]<\/p>\n","protected":false},"author":1,"featured_media":0,"parent":0,"menu_order":0,"comment_status":"closed","ping_status":"closed","template":"","meta":{"footnotes":""},"class_list":["post-1534","page","type-page","status-publish","hentry"],"_links":{"self":[{"href":"https:\/\/triadvillaskea.gr\/fr\/wp-json\/wp\/v2\/pages\/1534"}],"collection":[{"href":"https:\/\/triadvillaskea.gr\/fr\/wp-json\/wp\/v2\/pages"}],"about":[{"href":"https:\/\/triadvillaskea.gr\/fr\/wp-json\/wp\/v2\/types\/page"}],"author":[{"embeddable":true,"href":"https:\/\/triadvillaskea.gr\/fr\/wp-json\/wp\/v2\/users\/1"}],"replies":[{"embeddable":true,"href":"https:\/\/triadvillaskea.gr\/fr\/wp-json\/wp\/v2\/comments?post=1534"}],"version-history":[{"count":3,"href":"https:\/\/triadvillaskea.gr\/fr\/wp-json\/wp\/v2\/pages\/1534\/revisions"}],"predecessor-version":[{"id":1537,"href":"https:\/\/triadvillaskea.gr\/fr\/wp-json\/wp\/v2\/pages\/1534\/revisions\/1537"}],"wp:attachment":[{"href":"https:\/\/triadvillaskea.gr\/fr\/wp-json\/wp\/v2\/media?parent=1534"}],"curies":[{"name":"wp","href":"https:\/\/api.w.org\/{rel}","templated":true}]}}