{"id":1528,"date":"2024-04-03T14:02:10","date_gmt":"2024-04-03T11:02:10","guid":{"rendered":"https:\/\/triad.globaltouchdev.eu\/politique-de-cookies\/"},"modified":"2024-06-05T17:47:27","modified_gmt":"2024-06-05T14:47:27","slug":"politique-de-cookies","status":"publish","type":"page","link":"https:\/\/triadvillaskea.gr\/fr\/politique-de-cookies\/","title":{"rendered":"Politique de cookies"},"content":{"rendered":"\t\t<div data-elementor-type=\"wp-page\" data-elementor-id=\"1528\" class=\"elementor elementor-1528 elementor-473\" data-elementor-post-type=\"page\">\n\t\t\t\t<div class=\"elementor-element elementor-element-1466e6f e-con-full e-flex e-con e-parent\" data-id=\"1466e6f\" data-element_type=\"container\" data-settings=\"{&quot;background_background&quot;:&quot;classic&quot;,&quot;jet_parallax_layout_list&quot;:[]}\">\n\t\t<div class=\"elementor-element elementor-element-9a77ba9 e-flex e-con-boxed elementor-invisible e-con e-child\" data-id=\"9a77ba9\" data-element_type=\"container\" data-settings=\"{&quot;animation&quot;:&quot;slideInUp&quot;,&quot;jet_parallax_layout_list&quot;:[]}\">\n\t\t\t\t\t<div class=\"e-con-inner\">\n\t\t\t\t\t<\/div>\n\t\t\t\t<\/div>\n\t\t\t\t<\/div>\n\t\t<div class=\"elementor-element elementor-element-6f13741 e-grid e-con-boxed e-con e-parent\" data-id=\"6f13741\" data-element_type=\"container\" data-settings=\"{&quot;jet_parallax_layout_list&quot;:[]}\">\n\t\t\t\t\t<div class=\"e-con-inner\">\n\t\t<div class=\"elementor-element elementor-element-1be7c1f e-flex e-con-boxed e-con e-child\" data-id=\"1be7c1f\" data-element_type=\"container\" data-settings=\"{&quot;jet_parallax_layout_list&quot;:[]}\">\n\t\t\t\t\t<div class=\"e-con-inner\">\n\t\t\t\t<div class=\"elementor-element elementor-element-0dae7bf elementor-widget elementor-widget-heading\" data-id=\"0dae7bf\" data-element_type=\"widget\" data-widget_type=\"heading.default\">\n\t\t\t\t<div class=\"elementor-widget-container\">\n\t\t\t<style>\/*! elementor - v3.23.0 - 05-08-2024 *\/\n.elementor-heading-title{padding:0;margin:0;line-height:1}.elementor-widget-heading .elementor-heading-title[class*=elementor-size-]>a{color:inherit;font-size:inherit;line-height:inherit}.elementor-widget-heading .elementor-heading-title.elementor-size-small{font-size:15px}.elementor-widget-heading .elementor-heading-title.elementor-size-medium{font-size:19px}.elementor-widget-heading .elementor-heading-title.elementor-size-large{font-size:29px}.elementor-widget-heading .elementor-heading-title.elementor-size-xl{font-size:39px}.elementor-widget-heading .elementor-heading-title.elementor-size-xxl{font-size:59px}<\/style><h2 class=\"elementor-heading-title elementor-size-default\">Politique de cookies<\/h2>\t\t<\/div>\n\t\t\t\t<\/div>\n\t\t\t\t<div class=\"elementor-element elementor-element-63a5e42 elementor-widget elementor-widget-text-editor\" data-id=\"63a5e42\" data-element_type=\"widget\" data-widget_type=\"text-editor.default\">\n\t\t\t\t<div class=\"elementor-widget-container\">\n\t\t\t<style>\/*! elementor - v3.23.0 - 05-08-2024 *\/\n.elementor-widget-text-editor.elementor-drop-cap-view-stacked .elementor-drop-cap{background-color:#69727d;color:#fff}.elementor-widget-text-editor.elementor-drop-cap-view-framed .elementor-drop-cap{color:#69727d;border:3px solid;background-color:transparent}.elementor-widget-text-editor:not(.elementor-drop-cap-view-default) .elementor-drop-cap{margin-top:8px}.elementor-widget-text-editor:not(.elementor-drop-cap-view-default) .elementor-drop-cap-letter{width:1em;height:1em}.elementor-widget-text-editor .elementor-drop-cap{float:left;text-align:center;line-height:1;font-size:50px}.elementor-widget-text-editor .elementor-drop-cap-letter{display:inline-block}<\/style>\t\t\t\t<div class=\"wpb_text_column wpb_content_element vc_custom_1611231393861 padding-80 margin-top-40 info-top\">\n<div class=\"wpb_wrapper\">\n<div class=\"wpb_column vc_column_container vc_col-sm-6\">\n<div class=\"vc_column-inner vc_custom_1467207292391\">\n<div class=\"wpb_wrapper\">\n<div class=\"wpb_text_column wpb_content_element vc_custom_1611233906815 tocomfortaa\">\n<div class=\"wpb_wrapper\">\n<div class=\"wpb_text_column wpb_content_element \">\n<div class=\"wpb_wrapper\">\n<ol>\n<li style=\"font-weight: 400;\" aria-level=\"1\"><span style=\"font-weight: 400;\">Que sont les cookies: les cookies sont de petits fichiers texte qui sont stock\u00e9s sur l&rsquo;appareil d&rsquo;un utilisateur (tel qu&rsquo;un ordinateur ou un appareil mobile) lorsqu&rsquo;il visite un site Web. Ils contribuent \u00e0 am\u00e9liorer l&rsquo;exp\u00e9rience utilisateur en permettant au site Web de m\u00e9moriser les pr\u00e9f\u00e9rences de l&rsquo;utilisateur et de proposer un contenu et des publicit\u00e9s personnalis\u00e9s.<\/span><\/li>\n<li style=\"font-weight: 400;\" aria-level=\"1\"><span style=\"font-weight: 400;\">Types de cookies utilis\u00e9s: Notre boutique en ligne peut utiliser les types de cookies suivants:<\/span>\n<ol>\n<li style=\"font-weight: 400;\" aria-level=\"2\"><span style=\"font-weight: 400;\">Cookies n\u00e9cessaires: Ces cookies sont n\u00e9cessaires au fonctionnement du site Internet et permettent aux utilisateurs de naviguer et d&rsquo;utiliser ses fonctionnalit\u00e9s.<\/span><\/li>\n<li style=\"font-weight: 400;\" aria-level=\"2\"><span style=\"font-weight: 400;\">Cookies d&rsquo;analyse\/de performance: ces cookies collectent des informations anonymes sur la mani\u00e8re dont les utilisateurs interagissent avec le site Web, telles que le nombre de visiteurs, les pages visit\u00e9es et la source du trafic. Cela nous aide \u00e0 am\u00e9liorer les performances et les fonctionnalit\u00e9s du site Web.<\/span><\/li>\n<li style=\"font-weight: 400;\" aria-level=\"2\"><span style=\"font-weight: 400;\">Cookies fonctionnels: ces cookies permettent au site Web de m\u00e9moriser les pr\u00e9f\u00e9rences et les param\u00e8tres de l&rsquo;utilisateur pour offrir une exp\u00e9rience plus personnalis\u00e9e.<\/span><\/li>\n<li style=\"font-weight: 400;\" aria-level=\"2\"><span style=\"font-weight: 400;\">Cookies publicitaires: nous pouvons travailler avec des partenaires publicitaires qui utilisent des cookies pour diffuser des publicit\u00e9s cibl\u00e9es en fonction des int\u00e9r\u00eats des utilisateurs et de leur comportement de navigation.<\/span><\/li>\n<\/ol>\n<\/li>\n<li style=\"font-weight: 400;\" aria-level=\"1\"><span style=\"font-weight: 400;\">Cookies tiers: notre boutique en ligne peut autoriser les cookies tiers provenant de fournisseurs de services, tels que des fournisseurs d&rsquo;analyses ou des r\u00e9seaux publicitaires. Ces cookies sont soumis aux politiques de confidentialit\u00e9 respectives de tiers et ne sont pas contr\u00f4l\u00e9s par nous.<\/span><\/li>\n<li style=\"font-weight: 400;\" aria-level=\"1\"><span style=\"font-weight: 400;\">Consentement de l&rsquo;utilisateur: en utilisant notre boutique en ligne, les utilisateurs consentent \u00e0 l&rsquo;utilisation de cookies comme d\u00e9crit dans cette politique. Ils peuvent g\u00e9rer et contr\u00f4ler les cookies via les param\u00e8tres de leur navigateur ou d\u00e9sactiver certains cookies en utilisant la banni\u00e8re de cookies ou le centre de pr\u00e9f\u00e9rences fourni sur le site Web.<\/span><\/li>\n<li style=\"font-weight: 400;\" aria-level=\"1\"><span style=\"font-weight: 400;\">Conservation des cookies: Les cookies peuvent avoir des dur\u00e9es de conservation diff\u00e9rentes. Certains cookies sont bas\u00e9s sur une session et expirent lorsque l&rsquo;utilisateur ferme le navigateur, tandis que d&rsquo;autres peuvent \u00eatre des cookies persistants qui restent sur l&rsquo;appareil de l&rsquo;utilisateur pendant une certaine p\u00e9riode. Les utilisateurs peuvent \u00e0 tout moment supprimer les cookies de leur appareil.<\/span><\/li>\n<li style=\"font-weight: 400;\" aria-level=\"1\"><span style=\"font-weight: 400;\">Confidentialit\u00e9 et protection des donn\u00e9es: L&rsquo;utilisation de cookies peut impliquer le traitement d&rsquo;informations personnelles. Notre politique de confidentialit\u00e9 d\u00e9crit la mani\u00e8re dont nous traitons et prot\u00e9geons les informations personnelles collect\u00e9es via les cookies.<\/span><\/li>\n<li style=\"font-weight: 400;\" aria-level=\"1\"><span style=\"font-weight: 400;\">Mises \u00e0 jour de la politique en mati\u00e8re de cookies: Nous nous r\u00e9servons le droit de mettre \u00e0 jour ou de modifier cette politique en mati\u00e8re de cookies \u00e0 tout moment. Les utilisateurs sont encourag\u00e9s \u00e0 v\u00e9rifier p\u00e9riodiquement la politique pour tout changement. L&rsquo;utilisation continue de la boutique en ligne apr\u00e8s la mise \u00e0 jour de la politique constitue l&rsquo;acceptation des conditions r\u00e9vis\u00e9es.<\/span><\/li>\n<\/ol>\n<\/div>\n<\/div>\n<\/div>\n<\/div>\n<\/div>\n<\/div>\n<\/div>\n<\/div>\n<\/div>\n\t\t\t\t\t\t<\/div>\n\t\t\t\t<\/div>\n\t\t\t\t\t<\/div>\n\t\t\t\t<\/div>\n\t\t\t\t\t<\/div>\n\t\t\t\t<\/div>\n\t\t\t\t<\/div>\n\t\t","protected":false},"excerpt":{"rendered":"<p>Politique de cookies Que sont les cookies: les cookies sont de petits fichiers texte qui sont stock\u00e9s sur l&rsquo;appareil d&rsquo;un utilisateur (tel qu&rsquo;un ordinateur ou un appareil mobile) lorsqu&rsquo;il visite un site Web. Ils contribuent \u00e0 am\u00e9liorer l&rsquo;exp\u00e9rience utilisateur en permettant au site Web de m\u00e9moriser les pr\u00e9f\u00e9rences de l&rsquo;utilisateur et de proposer un contenu [&hellip;]<\/p>\n","protected":false},"author":1,"featured_media":0,"parent":0,"menu_order":0,"comment_status":"closed","ping_status":"closed","template":"","meta":{"footnotes":""},"class_list":["post-1528","page","type-page","status-publish","hentry"],"_links":{"self":[{"href":"https:\/\/triadvillaskea.gr\/fr\/wp-json\/wp\/v2\/pages\/1528"}],"collection":[{"href":"https:\/\/triadvillaskea.gr\/fr\/wp-json\/wp\/v2\/pages"}],"about":[{"href":"https:\/\/triadvillaskea.gr\/fr\/wp-json\/wp\/v2\/types\/page"}],"author":[{"embeddable":true,"href":"https:\/\/triadvillaskea.gr\/fr\/wp-json\/wp\/v2\/users\/1"}],"replies":[{"embeddable":true,"href":"https:\/\/triadvillaskea.gr\/fr\/wp-json\/wp\/v2\/comments?post=1528"}],"version-history":[{"count":1,"href":"https:\/\/triadvillaskea.gr\/fr\/wp-json\/wp\/v2\/pages\/1528\/revisions"}],"predecessor-version":[{"id":1529,"href":"https:\/\/triadvillaskea.gr\/fr\/wp-json\/wp\/v2\/pages\/1528\/revisions\/1529"}],"wp:attachment":[{"href":"https:\/\/triadvillaskea.gr\/fr\/wp-json\/wp\/v2\/media?parent=1528"}],"curies":[{"name":"wp","href":"https:\/\/api.w.org\/{rel}","templated":true}]}}